{"id":2151,"date":"2024-03-07T14:42:26","date_gmt":"2024-03-07T14:42:26","guid":{"rendered":"https:\/\/cplr.pt\/privacy-policy\/"},"modified":"2024-06-05T14:32:06","modified_gmt":"2024-06-05T14:32:06","slug":"privacy-policy","status":"publish","type":"page","link":"https:\/\/cplr.pt\/en\/privacy-policy\/","title":{"rendered":"Privacy Policy"},"content":{"rendered":"\t\t<div data-elementor-type=\"wp-page\" data-elementor-id=\"2151\" class=\"elementor elementor-2151 elementor-1330\">\n\t\t\t\t<div class=\"elementor-element elementor-element-00560d2 e-flex e-con-boxed e-con e-parent\" data-id=\"00560d2\" data-element_type=\"container\" data-settings=\"{&quot;jet_parallax_layout_list&quot;:[]}\">\n\t\t\t\t\t<div class=\"e-con-inner\">\n\t\t\t\t<div class=\"elementor-element elementor-element-6f3024a elementor-widget elementor-widget-heading\" data-id=\"6f3024a\" data-element_type=\"widget\" data-widget_type=\"heading.default\">\n\t\t\t\t<div class=\"elementor-widget-container\">\n\t\t\t\t\t<h3 class=\"elementor-heading-title elementor-size-default\">Privacy Policy<\/h3>\t\t\t\t<\/div>\n\t\t\t\t<\/div>\n\t\t\t\t\t<\/div>\n\t\t\t\t<\/div>\n\t\t<div class=\"elementor-element elementor-element-639fbdf9 e-flex e-con-boxed e-con e-parent\" data-id=\"639fbdf9\" data-element_type=\"container\" data-settings=\"{&quot;jet_parallax_layout_list&quot;:[]}\">\n\t\t\t\t\t<div class=\"e-con-inner\">\n\t\t\t\t<div class=\"elementor-element elementor-element-37bcb059 elementor-widget elementor-widget-text-editor\" data-id=\"37bcb059\" data-element_type=\"widget\" data-widget_type=\"text-editor.default\">\n\t\t\t\t<div class=\"elementor-widget-container\">\n\t\t\t\t\t\t\t\t\t<p>This website was created and is controlled by the Pinto Louren\u00e7o Reabilita\u00e7\u00e3o Lda team based in Vila Nova de Gaia, Portugal.<br>We reserve the right to change any and all content at any time.<\/p>\n<p> <\/p>\n<p><strong>COPYRIGHT<\/strong><\/p>\n<p>All contents are managed by Pinto Louren\u00e7o Reabilita\u00e7\u00e3o Lda, are its exclusive property and are protected by international copyright laws. The representation, publication, distribution, modification, transmission, or public display of this website, logo, images, in whole or in part, is strictly prohibited and will not be tolerated. <\/p>\n<p> <\/p>\n<p><strong>PRIVACY<\/strong><\/p>\n<p>Pinto Louren\u00e7o Reabilita\u00e7\u00e3o Lda will not sell your personal information or intentionally make it public. In exceptional cases, such information may be grouped according to specific criteria and used as purely informative statistics in order to contribute to a better understanding of the consumer\u2019s profile. <\/p>\n<p>We ensure the total confidentiality of personal data, and these data can be changed at any time by the customer on the website.<\/p>\n<p>All data contained on this website is strictly informative in nature, and the photos shown may not correspond exactly to the final version of the pieces sold.<\/p>\n<p> <\/p>\n<p>If you have any questions or need any further clarification, please do not hesitate to contact us.<\/p>\n\t\t\t\t\t\t\t\t<\/div>\n\t\t\t\t<\/div>\n\t\t\t\t\t<\/div>\n\t\t\t\t<\/div>\n\t\t\t\t<\/div>\n\t\t","protected":false},"excerpt":{"rendered":"<p>This website was created and is controlled by the Pinto Louren\u00e7o Reabilita\u00e7\u00e3o Lda team based in Vila Nova de Gaia, Portugal.We reserve the right to change any and all content at any time. COPYRIGHT All contents are managed by Pinto Louren\u00e7o Reabilita\u00e7\u00e3o Lda, are its exclusive property and are protected by international copyright laws. The [&hellip;]<\/p>\n","protected":false},"author":1,"featured_media":0,"parent":0,"menu_order":0,"comment_status":"closed","ping_status":"closed","template":"","meta":{"_acf_changed":false,"footnotes":""},"class_list":["post-2151","page","type-page","status-publish","hentry"],"acf":[],"yoast_head":"<!-- This site is optimized with the Yoast SEO plugin v24.4 - https:\/\/yoast.com\/wordpress\/plugins\/seo\/ -->\n<title>Privacy Policy - Carpintaria Pinto Louren\u00e7o<\/title>\n<meta name=\"robots\" content=\"index, follow, max-snippet:-1, max-image-preview:large, max-video-preview:-1\" \/>\n<link rel=\"canonical\" href=\"https:\/\/cplr.pt\/politica-de-privacidade\/\" \/>\n<meta property=\"og:locale\" content=\"en_US\" \/>\n<meta property=\"og:type\" content=\"article\" \/>\n<meta property=\"og:title\" content=\"Privacy Policy - Carpintaria Pinto Louren\u00e7o\" \/>\n<meta property=\"og:description\" content=\"This website was created and is controlled by the Pinto Louren\u00e7o Reabilita\u00e7\u00e3o Lda team based in Vila Nova de Gaia, Portugal.We reserve the right to change any and all content at any time. COPYRIGHT All contents are managed by Pinto Louren\u00e7o Reabilita\u00e7\u00e3o Lda, are its exclusive property and are protected by international copyright laws. The [&hellip;]\" \/>\n<meta property=\"og:url\" content=\"https:\/\/cplr.pt\/politica-de-privacidade\/\" \/>\n<meta property=\"og:site_name\" content=\"Carpintaria Pinto Louren\u00e7o\" \/>\n<meta property=\"article:modified_time\" content=\"2024-06-05T14:32:06+00:00\" \/>\n<meta property=\"og:image\" content=\"https:\/\/cplr.pt\/wp-content\/uploads\/2024\/03\/17155987_1828817977384081_2309741835088862473_n-e1711637203797.jpg\" \/>\n\t<meta property=\"og:image:width\" content=\"769\" \/>\n\t<meta property=\"og:image:height\" content=\"726\" \/>\n\t<meta property=\"og:image:type\" content=\"image\/jpeg\" \/>\n<meta name=\"twitter:card\" content=\"summary_large_image\" \/>\n<meta name=\"twitter:label1\" content=\"Est. reading time\" \/>\n\t<meta name=\"twitter:data1\" content=\"1 minute\" \/>\n<script type=\"application\/ld+json\" class=\"yoast-schema-graph\">{\"@context\":\"https:\/\/schema.org\",\"@graph\":[{\"@type\":\"WebPage\",\"@id\":\"https:\/\/cplr.pt\/politica-de-privacidade\/\",\"url\":\"https:\/\/cplr.pt\/politica-de-privacidade\/\",\"name\":\"Privacy Policy - Carpintaria Pinto Louren\u00e7o\",\"isPartOf\":{\"@id\":\"https:\/\/cplr.pt\/#website\"},\"datePublished\":\"2024-03-07T14:42:26+00:00\",\"dateModified\":\"2024-06-05T14:32:06+00:00\",\"breadcrumb\":{\"@id\":\"https:\/\/cplr.pt\/politica-de-privacidade\/#breadcrumb\"},\"inLanguage\":\"en-US\",\"potentialAction\":[{\"@type\":\"ReadAction\",\"target\":[\"https:\/\/cplr.pt\/politica-de-privacidade\/\"]}]},{\"@type\":\"BreadcrumbList\",\"@id\":\"https:\/\/cplr.pt\/politica-de-privacidade\/#breadcrumb\",\"itemListElement\":[{\"@type\":\"ListItem\",\"position\":1,\"name\":\"In\u00edcio\",\"item\":\"https:\/\/cplr.pt\/en\/\"},{\"@type\":\"ListItem\",\"position\":2,\"name\":\"Privacy Policy\"}]},{\"@type\":\"WebSite\",\"@id\":\"https:\/\/cplr.pt\/#website\",\"url\":\"https:\/\/cplr.pt\/\",\"name\":\"CPLR\",\"description\":\"Reabilita\u00e7\u00e3o de Edif\u00edcios, Carpintarias e Marcenarias\",\"publisher\":{\"@id\":\"https:\/\/cplr.pt\/#organization\"},\"potentialAction\":[{\"@type\":\"SearchAction\",\"target\":{\"@type\":\"EntryPoint\",\"urlTemplate\":\"https:\/\/cplr.pt\/?s={search_term_string}\"},\"query-input\":{\"@type\":\"PropertyValueSpecification\",\"valueRequired\":true,\"valueName\":\"search_term_string\"}}],\"inLanguage\":\"en-US\"},{\"@type\":\"Organization\",\"@id\":\"https:\/\/cplr.pt\/#organization\",\"name\":\"Carpintaria Pinto Louren\u00e7o Reabilita\u00e7\u00e3o\",\"alternateName\":\"CPLR\",\"url\":\"https:\/\/cplr.pt\/\",\"logo\":{\"@type\":\"ImageObject\",\"inLanguage\":\"en-US\",\"@id\":\"https:\/\/cplr.pt\/#\/schema\/logo\/image\/\",\"url\":\"https:\/\/cplr.pt\/wp-content\/uploads\/2024\/03\/favicon.png\",\"contentUrl\":\"https:\/\/cplr.pt\/wp-content\/uploads\/2024\/03\/favicon.png\",\"width\":219,\"height\":196,\"caption\":\"Carpintaria Pinto Louren\u00e7o Reabilita\u00e7\u00e3o\"},\"image\":{\"@id\":\"https:\/\/cplr.pt\/#\/schema\/logo\/image\/\"}}]}<\/script>\n<!-- \/ Yoast SEO plugin. -->","yoast_head_json":{"title":"Privacy Policy - Carpintaria Pinto Louren\u00e7o","robots":{"index":"index","follow":"follow","max-snippet":"max-snippet:-1","max-image-preview":"max-image-preview:large","max-video-preview":"max-video-preview:-1"},"canonical":"https:\/\/cplr.pt\/politica-de-privacidade\/","og_locale":"en_US","og_type":"article","og_title":"Privacy Policy - Carpintaria Pinto Louren\u00e7o","og_description":"This website was created and is controlled by the Pinto Louren\u00e7o Reabilita\u00e7\u00e3o Lda team based in Vila Nova de Gaia, Portugal.We reserve the right to change any and all content at any time. COPYRIGHT All contents are managed by Pinto Louren\u00e7o Reabilita\u00e7\u00e3o Lda, are its exclusive property and are protected by international copyright laws. The [&hellip;]","og_url":"https:\/\/cplr.pt\/politica-de-privacidade\/","og_site_name":"Carpintaria Pinto Louren\u00e7o","article_modified_time":"2024-06-05T14:32:06+00:00","og_image":[{"width":769,"height":726,"url":"https:\/\/cplr.pt\/wp-content\/uploads\/2024\/03\/17155987_1828817977384081_2309741835088862473_n-e1711637203797.jpg","type":"image\/jpeg"}],"twitter_card":"summary_large_image","twitter_misc":{"Est. reading time":"1 minute"},"schema":{"@context":"https:\/\/schema.org","@graph":[{"@type":"WebPage","@id":"https:\/\/cplr.pt\/politica-de-privacidade\/","url":"https:\/\/cplr.pt\/politica-de-privacidade\/","name":"Privacy Policy - Carpintaria Pinto Louren\u00e7o","isPartOf":{"@id":"https:\/\/cplr.pt\/#website"},"datePublished":"2024-03-07T14:42:26+00:00","dateModified":"2024-06-05T14:32:06+00:00","breadcrumb":{"@id":"https:\/\/cplr.pt\/politica-de-privacidade\/#breadcrumb"},"inLanguage":"en-US","potentialAction":[{"@type":"ReadAction","target":["https:\/\/cplr.pt\/politica-de-privacidade\/"]}]},{"@type":"BreadcrumbList","@id":"https:\/\/cplr.pt\/politica-de-privacidade\/#breadcrumb","itemListElement":[{"@type":"ListItem","position":1,"name":"In\u00edcio","item":"https:\/\/cplr.pt\/en\/"},{"@type":"ListItem","position":2,"name":"Privacy Policy"}]},{"@type":"WebSite","@id":"https:\/\/cplr.pt\/#website","url":"https:\/\/cplr.pt\/","name":"CPLR","description":"Reabilita\u00e7\u00e3o de Edif\u00edcios, Carpintarias e Marcenarias","publisher":{"@id":"https:\/\/cplr.pt\/#organization"},"potentialAction":[{"@type":"SearchAction","target":{"@type":"EntryPoint","urlTemplate":"https:\/\/cplr.pt\/?s={search_term_string}"},"query-input":{"@type":"PropertyValueSpecification","valueRequired":true,"valueName":"search_term_string"}}],"inLanguage":"en-US"},{"@type":"Organization","@id":"https:\/\/cplr.pt\/#organization","name":"Carpintaria Pinto Louren\u00e7o Reabilita\u00e7\u00e3o","alternateName":"CPLR","url":"https:\/\/cplr.pt\/","logo":{"@type":"ImageObject","inLanguage":"en-US","@id":"https:\/\/cplr.pt\/#\/schema\/logo\/image\/","url":"https:\/\/cplr.pt\/wp-content\/uploads\/2024\/03\/favicon.png","contentUrl":"https:\/\/cplr.pt\/wp-content\/uploads\/2024\/03\/favicon.png","width":219,"height":196,"caption":"Carpintaria Pinto Louren\u00e7o Reabilita\u00e7\u00e3o"},"image":{"@id":"https:\/\/cplr.pt\/#\/schema\/logo\/image\/"}}]}},"_links":{"self":[{"href":"https:\/\/cplr.pt\/en\/wp-json\/wp\/v2\/pages\/2151","targetHints":{"allow":["GET"]}}],"collection":[{"href":"https:\/\/cplr.pt\/en\/wp-json\/wp\/v2\/pages"}],"about":[{"href":"https:\/\/cplr.pt\/en\/wp-json\/wp\/v2\/types\/page"}],"author":[{"embeddable":true,"href":"https:\/\/cplr.pt\/en\/wp-json\/wp\/v2\/users\/1"}],"replies":[{"embeddable":true,"href":"https:\/\/cplr.pt\/en\/wp-json\/wp\/v2\/comments?post=2151"}],"version-history":[{"count":1,"href":"https:\/\/cplr.pt\/en\/wp-json\/wp\/v2\/pages\/2151\/revisions"}],"predecessor-version":[{"id":2152,"href":"https:\/\/cplr.pt\/en\/wp-json\/wp\/v2\/pages\/2151\/revisions\/2152"}],"wp:attachment":[{"href":"https:\/\/cplr.pt\/en\/wp-json\/wp\/v2\/media?parent=2151"}],"curies":[{"name":"wp","href":"https:\/\/api.w.org\/{rel}","templated":true}]}}