{"id":2149,"date":"2024-03-07T14:45:03","date_gmt":"2024-03-07T14:45:03","guid":{"rendered":"https:\/\/cplr.pt\/cookies\/"},"modified":"2024-06-05T14:29:45","modified_gmt":"2024-06-05T14:29:45","slug":"cookies","status":"publish","type":"page","link":"https:\/\/cplr.pt\/en\/cookies\/","title":{"rendered":"Cookies"},"content":{"rendered":"\t\t<div data-elementor-type=\"wp-page\" data-elementor-id=\"2149\" class=\"elementor elementor-2149 elementor-1366\">\n\t\t\t\t<div class=\"elementor-element elementor-element-0ae67cf e-flex e-con-boxed e-con e-parent\" data-id=\"0ae67cf\" data-element_type=\"container\" data-settings=\"{&quot;jet_parallax_layout_list&quot;:[]}\">\n\t\t\t\t\t<div class=\"e-con-inner\">\n\t\t\t\t<div class=\"elementor-element elementor-element-e9a9f1b elementor-widget elementor-widget-heading\" data-id=\"e9a9f1b\" data-element_type=\"widget\" data-widget_type=\"heading.default\">\n\t\t\t\t<div class=\"elementor-widget-container\">\n\t\t\t\t\t<h3 class=\"elementor-heading-title elementor-size-default\">Cookies<\/h3>\t\t\t\t<\/div>\n\t\t\t\t<\/div>\n\t\t\t\t\t<\/div>\n\t\t\t\t<\/div>\n\t\t<div class=\"elementor-element elementor-element-5bef045b e-flex e-con-boxed e-con e-parent\" data-id=\"5bef045b\" data-element_type=\"container\" data-settings=\"{&quot;jet_parallax_layout_list&quot;:[]}\">\n\t\t\t\t\t<div class=\"e-con-inner\">\n\t\t\t\t<div class=\"elementor-element elementor-element-5540cc17 elementor-widget elementor-widget-text-editor\" data-id=\"5540cc17\" data-element_type=\"widget\" data-widget_type=\"text-editor.default\">\n\t\t\t\t<div class=\"elementor-widget-container\">\n\t\t\t\t\t\t\t\t\t<p><strong>What are cookies?<\/strong><br>A cookie is a text file stored in a user\u2019s web browser on whatever device they use to access a website that contains information about the user\u2019s visit, such as preferences. When the user returns, the browser provides the cookie with the information stored for the site. <\/p>\n<p><strong>What are cookies used for?<\/strong><br>Cookies are used to adjust the content of a website to suit user preferences and to optimize the website. They store useful information that improves the user experience of a website. They are typically used for:  <\/p>\n<p>Storing login information so a user doesn\u2019t need to re-login on each visit.<br>From recognizing the type of device a user browses with any preferences and applied to optimizing the site specifically for the device.<br>Creation of statistics that help website owners to understand how their users interact with their website, allowing them to improve its structure and content.<\/p>\n<p><strong>What types of cookies are used?<\/strong><br>There are two types of cookies: persistent cookies and session cookies. Persistent cookies remain on your hard drive for a period of time specified in the cookie file parameters or until manually removed. When you return to a website and it requires you to log in again despite previously storing your login information, it is usually because the persistent cookie has expired; which helps increase security while maintaining accessibility.  <\/p>\n<p>Session cookies, on the other hand, are used temporarily and expire once the website or browser is closed. They are used to monitor user activity on a website during a single visit. When a website requires you to verify your age or location once per visit before allowing you to view content and without requiring additional personal details, that is a session cookie at work.  <\/p>\n<p><strong>Do cookies include personal data?<\/strong><br>If there is a need for the collection of personal information, such as for account creation, then the cookie may store personal information. However, it is required by data protection law that users are informed about the collection of personal data. This data will also be encrypted to make it inaccessible by unauthorized users.  <\/p>\n<p><strong>Dealing with cookies<\/strong><br>By default, browsers are set to accept cookies. However, these settings can be changed to block cookies entirely, or to inform the user each time they are used. Detailed information about cookies and the options associated with them are available in each browser\u2019s settings.  <\/p>\n\t\t\t\t\t\t\t\t<\/div>\n\t\t\t\t<\/div>\n\t\t\t\t\t<\/div>\n\t\t\t\t<\/div>\n\t\t\t\t<\/div>\n\t\t","protected":false},"excerpt":{"rendered":"<p>What are cookies?A cookie is a text file stored in a user\u2019s web browser on whatever device they use to access a website that contains information about the user\u2019s visit, such as preferences. When the user returns, the browser provides the cookie with the information stored for the site. What are cookies used for?Cookies are [&hellip;]<\/p>\n","protected":false},"author":1,"featured_media":0,"parent":0,"menu_order":0,"comment_status":"closed","ping_status":"closed","template":"","meta":{"_acf_changed":false,"footnotes":""},"class_list":["post-2149","page","type-page","status-publish","hentry"],"acf":[],"yoast_head":"<!-- This site is optimized with the Yoast SEO plugin v24.4 - https:\/\/yoast.com\/wordpress\/plugins\/seo\/ -->\n<title>Cookies - Carpintaria Pinto Louren\u00e7o<\/title>\n<meta name=\"robots\" content=\"index, follow, max-snippet:-1, max-image-preview:large, max-video-preview:-1\" \/>\n<link rel=\"canonical\" href=\"https:\/\/cplr.pt\/en\/cookies\/\" \/>\n<meta property=\"og:locale\" content=\"en_US\" \/>\n<meta property=\"og:type\" content=\"article\" \/>\n<meta property=\"og:title\" content=\"Cookies - Carpintaria Pinto Louren\u00e7o\" \/>\n<meta property=\"og:description\" content=\"What are cookies?A cookie is a text file stored in a user\u2019s web browser on whatever device they use to access a website that contains information about the user\u2019s visit, such as preferences. When the user returns, the browser provides the cookie with the information stored for the site. What are cookies used for?Cookies are [&hellip;]\" \/>\n<meta property=\"og:url\" content=\"https:\/\/cplr.pt\/en\/cookies\/\" \/>\n<meta property=\"og:site_name\" content=\"Carpintaria Pinto Louren\u00e7o\" \/>\n<meta property=\"article:modified_time\" content=\"2024-06-05T14:29:45+00:00\" \/>\n<meta property=\"og:image\" content=\"https:\/\/cplr.pt\/wp-content\/uploads\/2024\/03\/17155987_1828817977384081_2309741835088862473_n-e1711637203797.jpg\" \/>\n\t<meta property=\"og:image:width\" content=\"769\" \/>\n\t<meta property=\"og:image:height\" content=\"726\" \/>\n\t<meta property=\"og:image:type\" content=\"image\/jpeg\" \/>\n<meta name=\"twitter:card\" content=\"summary_large_image\" \/>\n<meta name=\"twitter:label1\" content=\"Est. reading time\" \/>\n\t<meta name=\"twitter:data1\" content=\"2 minutes\" \/>\n<script type=\"application\/ld+json\" class=\"yoast-schema-graph\">{\"@context\":\"https:\/\/schema.org\",\"@graph\":[{\"@type\":\"WebPage\",\"@id\":\"https:\/\/cplr.pt\/en\/cookies\/\",\"url\":\"https:\/\/cplr.pt\/en\/cookies\/\",\"name\":\"Cookies - Carpintaria Pinto Louren\u00e7o\",\"isPartOf\":{\"@id\":\"https:\/\/cplr.pt\/#website\"},\"datePublished\":\"2024-03-07T14:45:03+00:00\",\"dateModified\":\"2024-06-05T14:29:45+00:00\",\"breadcrumb\":{\"@id\":\"https:\/\/cplr.pt\/en\/cookies\/#breadcrumb\"},\"inLanguage\":\"en-US\",\"potentialAction\":[{\"@type\":\"ReadAction\",\"target\":[\"https:\/\/cplr.pt\/en\/cookies\/\"]}]},{\"@type\":\"BreadcrumbList\",\"@id\":\"https:\/\/cplr.pt\/en\/cookies\/#breadcrumb\",\"itemListElement\":[{\"@type\":\"ListItem\",\"position\":1,\"name\":\"In\u00edcio\",\"item\":\"https:\/\/cplr.pt\/en\/\"},{\"@type\":\"ListItem\",\"position\":2,\"name\":\"Cookies\"}]},{\"@type\":\"WebSite\",\"@id\":\"https:\/\/cplr.pt\/#website\",\"url\":\"https:\/\/cplr.pt\/\",\"name\":\"CPLR\",\"description\":\"Reabilita\u00e7\u00e3o de Edif\u00edcios, Carpintarias e Marcenarias\",\"publisher\":{\"@id\":\"https:\/\/cplr.pt\/#organization\"},\"potentialAction\":[{\"@type\":\"SearchAction\",\"target\":{\"@type\":\"EntryPoint\",\"urlTemplate\":\"https:\/\/cplr.pt\/?s={search_term_string}\"},\"query-input\":{\"@type\":\"PropertyValueSpecification\",\"valueRequired\":true,\"valueName\":\"search_term_string\"}}],\"inLanguage\":\"en-US\"},{\"@type\":\"Organization\",\"@id\":\"https:\/\/cplr.pt\/#organization\",\"name\":\"Carpintaria Pinto Louren\u00e7o Reabilita\u00e7\u00e3o\",\"alternateName\":\"CPLR\",\"url\":\"https:\/\/cplr.pt\/\",\"logo\":{\"@type\":\"ImageObject\",\"inLanguage\":\"en-US\",\"@id\":\"https:\/\/cplr.pt\/#\/schema\/logo\/image\/\",\"url\":\"https:\/\/cplr.pt\/wp-content\/uploads\/2024\/03\/favicon.png\",\"contentUrl\":\"https:\/\/cplr.pt\/wp-content\/uploads\/2024\/03\/favicon.png\",\"width\":219,\"height\":196,\"caption\":\"Carpintaria Pinto Louren\u00e7o Reabilita\u00e7\u00e3o\"},\"image\":{\"@id\":\"https:\/\/cplr.pt\/#\/schema\/logo\/image\/\"}}]}<\/script>\n<!-- \/ Yoast SEO plugin. -->","yoast_head_json":{"title":"Cookies - Carpintaria Pinto Louren\u00e7o","robots":{"index":"index","follow":"follow","max-snippet":"max-snippet:-1","max-image-preview":"max-image-preview:large","max-video-preview":"max-video-preview:-1"},"canonical":"https:\/\/cplr.pt\/en\/cookies\/","og_locale":"en_US","og_type":"article","og_title":"Cookies - Carpintaria Pinto Louren\u00e7o","og_description":"What are cookies?A cookie is a text file stored in a user\u2019s web browser on whatever device they use to access a website that contains information about the user\u2019s visit, such as preferences. When the user returns, the browser provides the cookie with the information stored for the site. What are cookies used for?Cookies are [&hellip;]","og_url":"https:\/\/cplr.pt\/en\/cookies\/","og_site_name":"Carpintaria Pinto Louren\u00e7o","article_modified_time":"2024-06-05T14:29:45+00:00","og_image":[{"width":769,"height":726,"url":"https:\/\/cplr.pt\/wp-content\/uploads\/2024\/03\/17155987_1828817977384081_2309741835088862473_n-e1711637203797.jpg","type":"image\/jpeg"}],"twitter_card":"summary_large_image","twitter_misc":{"Est. reading time":"2 minutes"},"schema":{"@context":"https:\/\/schema.org","@graph":[{"@type":"WebPage","@id":"https:\/\/cplr.pt\/en\/cookies\/","url":"https:\/\/cplr.pt\/en\/cookies\/","name":"Cookies - Carpintaria Pinto Louren\u00e7o","isPartOf":{"@id":"https:\/\/cplr.pt\/#website"},"datePublished":"2024-03-07T14:45:03+00:00","dateModified":"2024-06-05T14:29:45+00:00","breadcrumb":{"@id":"https:\/\/cplr.pt\/en\/cookies\/#breadcrumb"},"inLanguage":"en-US","potentialAction":[{"@type":"ReadAction","target":["https:\/\/cplr.pt\/en\/cookies\/"]}]},{"@type":"BreadcrumbList","@id":"https:\/\/cplr.pt\/en\/cookies\/#breadcrumb","itemListElement":[{"@type":"ListItem","position":1,"name":"In\u00edcio","item":"https:\/\/cplr.pt\/en\/"},{"@type":"ListItem","position":2,"name":"Cookies"}]},{"@type":"WebSite","@id":"https:\/\/cplr.pt\/#website","url":"https:\/\/cplr.pt\/","name":"CPLR","description":"Reabilita\u00e7\u00e3o de Edif\u00edcios, Carpintarias e Marcenarias","publisher":{"@id":"https:\/\/cplr.pt\/#organization"},"potentialAction":[{"@type":"SearchAction","target":{"@type":"EntryPoint","urlTemplate":"https:\/\/cplr.pt\/?s={search_term_string}"},"query-input":{"@type":"PropertyValueSpecification","valueRequired":true,"valueName":"search_term_string"}}],"inLanguage":"en-US"},{"@type":"Organization","@id":"https:\/\/cplr.pt\/#organization","name":"Carpintaria Pinto Louren\u00e7o Reabilita\u00e7\u00e3o","alternateName":"CPLR","url":"https:\/\/cplr.pt\/","logo":{"@type":"ImageObject","inLanguage":"en-US","@id":"https:\/\/cplr.pt\/#\/schema\/logo\/image\/","url":"https:\/\/cplr.pt\/wp-content\/uploads\/2024\/03\/favicon.png","contentUrl":"https:\/\/cplr.pt\/wp-content\/uploads\/2024\/03\/favicon.png","width":219,"height":196,"caption":"Carpintaria Pinto Louren\u00e7o Reabilita\u00e7\u00e3o"},"image":{"@id":"https:\/\/cplr.pt\/#\/schema\/logo\/image\/"}}]}},"_links":{"self":[{"href":"https:\/\/cplr.pt\/en\/wp-json\/wp\/v2\/pages\/2149","targetHints":{"allow":["GET"]}}],"collection":[{"href":"https:\/\/cplr.pt\/en\/wp-json\/wp\/v2\/pages"}],"about":[{"href":"https:\/\/cplr.pt\/en\/wp-json\/wp\/v2\/types\/page"}],"author":[{"embeddable":true,"href":"https:\/\/cplr.pt\/en\/wp-json\/wp\/v2\/users\/1"}],"replies":[{"embeddable":true,"href":"https:\/\/cplr.pt\/en\/wp-json\/wp\/v2\/comments?post=2149"}],"version-history":[{"count":1,"href":"https:\/\/cplr.pt\/en\/wp-json\/wp\/v2\/pages\/2149\/revisions"}],"predecessor-version":[{"id":2150,"href":"https:\/\/cplr.pt\/en\/wp-json\/wp\/v2\/pages\/2149\/revisions\/2150"}],"wp:attachment":[{"href":"https:\/\/cplr.pt\/en\/wp-json\/wp\/v2\/media?parent=2149"}],"curies":[{"name":"wp","href":"https:\/\/api.w.org\/{rel}","templated":true}]}}