{"id":2145,"date":"2024-03-07T14:44:49","date_gmt":"2024-03-07T14:44:49","guid":{"rendered":"https:\/\/cplr.pt\/alternative-dispute-resolution\/"},"modified":"2024-06-05T14:26:49","modified_gmt":"2024-06-05T14:26:49","slug":"alternative-dispute-resolution","status":"publish","type":"page","link":"https:\/\/cplr.pt\/en\/alternative-dispute-resolution\/","title":{"rendered":"Alternative Dispute Resolution"},"content":{"rendered":"\t\t<div data-elementor-type=\"wp-page\" data-elementor-id=\"2145\" class=\"elementor elementor-2145 elementor-1365\">\n\t\t\t\t<div class=\"elementor-element elementor-element-c785f80 e-flex e-con-boxed e-con e-parent\" data-id=\"c785f80\" data-element_type=\"container\" data-settings=\"{&quot;jet_parallax_layout_list&quot;:[]}\">\n\t\t\t\t\t<div class=\"e-con-inner\">\n\t\t\t\t<div class=\"elementor-element elementor-element-748cdee elementor-widget elementor-widget-heading\" data-id=\"748cdee\" data-element_type=\"widget\" data-widget_type=\"heading.default\">\n\t\t\t\t<div class=\"elementor-widget-container\">\n\t\t\t\t\t<h3 class=\"elementor-heading-title elementor-size-default\">Alternative Dispute Resolution<\/h3>\t\t\t\t<\/div>\n\t\t\t\t<\/div>\n\t\t\t\t\t<\/div>\n\t\t\t\t<\/div>\n\t\t<div class=\"elementor-element elementor-element-43ade133 e-flex e-con-boxed e-con e-parent\" data-id=\"43ade133\" data-element_type=\"container\" data-settings=\"{&quot;jet_parallax_layout_list&quot;:[]}\">\n\t\t\t\t\t<div class=\"e-con-inner\">\n\t\t\t\t<div class=\"elementor-element elementor-element-2530142a elementor-widget elementor-widget-text-editor\" data-id=\"2530142a\" data-element_type=\"widget\" data-widget_type=\"text-editor.default\">\n\t\t\t\t<div class=\"elementor-widget-container\">\n\t\t\t\t\t\t\t\t\t\n<p>In the event of a consumer dispute, the consumer can resort to an alternative consumer dispute resolution entity at:<\/p>\n<p><strong>Alternative Consumer Dispute Resolution Entities:<\/strong><\/p>\n<ul>\n<li>Centro de Arbitragem de Conflitos de Consumo de Lisboa \u2013 <a href=\"http:\/\/www.centroarbitragemlisboa.pt\/\" target=\"_blank\" rel=\"noopener\">https:\/\/www.centroarbitragemlisboa.pt\/<\/a>;<\/li>\n<li>Centro de Arbitragem de Conflitos de Consumo do Vale do Ave \u2013 <a href=\"https:\/\/www.triave.pt\/\" target=\"_blank\" rel=\"noopener\">https:\/\/www.triave.pt\/<\/a>;<\/li>\n<li>Centro de Informa\u00e7\u00e3o, Media\u00e7\u00e3o e Arbitragem de Consumo \u2013 <a href=\"https:\/\/www.centrodearbitragemdecoimbra.com\/\" target=\"_blank\" rel=\"noopener\">https:\/\/www.ciab.pt<\/a>;<\/li>\n<li>Centro de Arbitragem de Conflitos de Consumo do Distrito de Coimbra \u2013 <a href=\"http:\/\/www.centrodearbitragemdecoimbra.com\/\" target=\"_blank\" rel=\"noopener\">https:\/\/www.centrodearbitragemdecoimbra.com\/<\/a>;<\/li>\n<li>Centro de Informa\u00e7\u00e3o, Medi\u00e7\u00e3o e Arbitragem de Conflitos de Consumo do Algarve \u2013 <a href=\"https:\/\/www.consumidoronline.pt\/en\/\" target=\"_blank\" rel=\"noopener\">https:\/\/www.consumidoronline.pt\/en\/<\/a>;<\/li>\n<li>Centro de Informa\u00e7\u00e3o de Consumo e Arbitragem do Porto \u2013 <a href=\"https:\/\/www.cicap.pt\/\" target=\"_blank\" rel=\"noopener\">https:\/\/www.cicap.pt<\/a>\/;<\/li>\n<li>National Center for Information and Arbitration of Consumer Disputes (operates throughout the national territory, in areas not covered by another arbitration center with regional competence) \u2013 <a href=\"https:\/\/www.cniacc.pt\/pt\" target=\"_blank\" rel=\"noopener\">https:\/\/www.cniacc.pt\/pt<\/a>;<\/li>\n<\/ul>\n<p>For more information, see the Consumer Portal \u2013 <a href=\"https:\/\/www.consumidor.gov.pt\/\" target=\"_blank\" rel=\"noopener\">https:\/\/www.consumidor.gov.pt<\/a>.<\/p>\n\t\t\t\t\t\t\t\t<\/div>\n\t\t\t\t<\/div>\n\t\t\t\t\t<\/div>\n\t\t\t\t<\/div>\n\t\t\t\t<\/div>\n\t\t","protected":false},"excerpt":{"rendered":"<p>In the event of a consumer dispute, the consumer can resort to an alternative consumer dispute resolution entity at: Alternative Consumer Dispute Resolution Entities: Centro de Arbitragem de Conflitos de Consumo de Lisboa \u2013 https:\/\/www.centroarbitragemlisboa.pt\/; Centro de Arbitragem de Conflitos de Consumo do Vale do Ave \u2013 https:\/\/www.triave.pt\/; Centro de Informa\u00e7\u00e3o, Media\u00e7\u00e3o e Arbitragem de [&hellip;]<\/p>\n","protected":false},"author":1,"featured_media":0,"parent":0,"menu_order":0,"comment_status":"closed","ping_status":"closed","template":"","meta":{"_acf_changed":false,"footnotes":""},"class_list":["post-2145","page","type-page","status-publish","hentry"],"acf":[],"yoast_head":"<!-- This site is optimized with the Yoast SEO plugin v24.4 - https:\/\/yoast.com\/wordpress\/plugins\/seo\/ -->\n<title>Alternative Dispute Resolution - Carpintaria Pinto Louren\u00e7o<\/title>\n<meta name=\"robots\" content=\"index, follow, max-snippet:-1, max-image-preview:large, max-video-preview:-1\" \/>\n<link rel=\"canonical\" href=\"https:\/\/cplr.pt\/resolucao-alternativa-de-litigios\/\" \/>\n<meta property=\"og:locale\" content=\"en_US\" \/>\n<meta property=\"og:type\" content=\"article\" \/>\n<meta property=\"og:title\" content=\"Alternative Dispute Resolution - Carpintaria Pinto Louren\u00e7o\" \/>\n<meta property=\"og:description\" content=\"In the event of a consumer dispute, the consumer can resort to an alternative consumer dispute resolution entity at: Alternative Consumer Dispute Resolution Entities: Centro de Arbitragem de Conflitos de Consumo de Lisboa \u2013 https:\/\/www.centroarbitragemlisboa.pt\/; Centro de Arbitragem de Conflitos de Consumo do Vale do Ave \u2013 https:\/\/www.triave.pt\/; Centro de Informa\u00e7\u00e3o, Media\u00e7\u00e3o e Arbitragem de [&hellip;]\" \/>\n<meta property=\"og:url\" content=\"https:\/\/cplr.pt\/resolucao-alternativa-de-litigios\/\" \/>\n<meta property=\"og:site_name\" content=\"Carpintaria Pinto Louren\u00e7o\" \/>\n<meta property=\"article:modified_time\" content=\"2024-06-05T14:26:49+00:00\" \/>\n<meta property=\"og:image\" content=\"https:\/\/cplr.pt\/wp-content\/uploads\/2024\/03\/17155987_1828817977384081_2309741835088862473_n-e1711637203797.jpg\" \/>\n\t<meta property=\"og:image:width\" content=\"769\" \/>\n\t<meta property=\"og:image:height\" content=\"726\" \/>\n\t<meta property=\"og:image:type\" content=\"image\/jpeg\" \/>\n<meta name=\"twitter:card\" content=\"summary_large_image\" \/>\n<meta name=\"twitter:label1\" content=\"Est. reading time\" \/>\n\t<meta name=\"twitter:data1\" content=\"1 minute\" \/>\n<script type=\"application\/ld+json\" class=\"yoast-schema-graph\">{\"@context\":\"https:\/\/schema.org\",\"@graph\":[{\"@type\":\"WebPage\",\"@id\":\"https:\/\/cplr.pt\/resolucao-alternativa-de-litigios\/\",\"url\":\"https:\/\/cplr.pt\/resolucao-alternativa-de-litigios\/\",\"name\":\"Alternative Dispute Resolution - Carpintaria Pinto Louren\u00e7o\",\"isPartOf\":{\"@id\":\"https:\/\/cplr.pt\/#website\"},\"datePublished\":\"2024-03-07T14:44:49+00:00\",\"dateModified\":\"2024-06-05T14:26:49+00:00\",\"breadcrumb\":{\"@id\":\"https:\/\/cplr.pt\/resolucao-alternativa-de-litigios\/#breadcrumb\"},\"inLanguage\":\"en-US\",\"potentialAction\":[{\"@type\":\"ReadAction\",\"target\":[\"https:\/\/cplr.pt\/resolucao-alternativa-de-litigios\/\"]}]},{\"@type\":\"BreadcrumbList\",\"@id\":\"https:\/\/cplr.pt\/resolucao-alternativa-de-litigios\/#breadcrumb\",\"itemListElement\":[{\"@type\":\"ListItem\",\"position\":1,\"name\":\"In\u00edcio\",\"item\":\"https:\/\/cplr.pt\/en\/\"},{\"@type\":\"ListItem\",\"position\":2,\"name\":\"Alternative Dispute Resolution\"}]},{\"@type\":\"WebSite\",\"@id\":\"https:\/\/cplr.pt\/#website\",\"url\":\"https:\/\/cplr.pt\/\",\"name\":\"CPLR\",\"description\":\"Reabilita\u00e7\u00e3o de Edif\u00edcios, Carpintarias e Marcenarias\",\"publisher\":{\"@id\":\"https:\/\/cplr.pt\/#organization\"},\"potentialAction\":[{\"@type\":\"SearchAction\",\"target\":{\"@type\":\"EntryPoint\",\"urlTemplate\":\"https:\/\/cplr.pt\/?s={search_term_string}\"},\"query-input\":{\"@type\":\"PropertyValueSpecification\",\"valueRequired\":true,\"valueName\":\"search_term_string\"}}],\"inLanguage\":\"en-US\"},{\"@type\":\"Organization\",\"@id\":\"https:\/\/cplr.pt\/#organization\",\"name\":\"Carpintaria Pinto Louren\u00e7o Reabilita\u00e7\u00e3o\",\"alternateName\":\"CPLR\",\"url\":\"https:\/\/cplr.pt\/\",\"logo\":{\"@type\":\"ImageObject\",\"inLanguage\":\"en-US\",\"@id\":\"https:\/\/cplr.pt\/#\/schema\/logo\/image\/\",\"url\":\"https:\/\/cplr.pt\/wp-content\/uploads\/2024\/03\/favicon.png\",\"contentUrl\":\"https:\/\/cplr.pt\/wp-content\/uploads\/2024\/03\/favicon.png\",\"width\":219,\"height\":196,\"caption\":\"Carpintaria Pinto Louren\u00e7o Reabilita\u00e7\u00e3o\"},\"image\":{\"@id\":\"https:\/\/cplr.pt\/#\/schema\/logo\/image\/\"}}]}<\/script>\n<!-- \/ Yoast SEO plugin. -->","yoast_head_json":{"title":"Alternative Dispute Resolution - Carpintaria Pinto Louren\u00e7o","robots":{"index":"index","follow":"follow","max-snippet":"max-snippet:-1","max-image-preview":"max-image-preview:large","max-video-preview":"max-video-preview:-1"},"canonical":"https:\/\/cplr.pt\/resolucao-alternativa-de-litigios\/","og_locale":"en_US","og_type":"article","og_title":"Alternative Dispute Resolution - Carpintaria Pinto Louren\u00e7o","og_description":"In the event of a consumer dispute, the consumer can resort to an alternative consumer dispute resolution entity at: Alternative Consumer Dispute Resolution Entities: Centro de Arbitragem de Conflitos de Consumo de Lisboa \u2013 https:\/\/www.centroarbitragemlisboa.pt\/; Centro de Arbitragem de Conflitos de Consumo do Vale do Ave \u2013 https:\/\/www.triave.pt\/; Centro de Informa\u00e7\u00e3o, Media\u00e7\u00e3o e Arbitragem de [&hellip;]","og_url":"https:\/\/cplr.pt\/resolucao-alternativa-de-litigios\/","og_site_name":"Carpintaria Pinto Louren\u00e7o","article_modified_time":"2024-06-05T14:26:49+00:00","og_image":[{"width":769,"height":726,"url":"https:\/\/cplr.pt\/wp-content\/uploads\/2024\/03\/17155987_1828817977384081_2309741835088862473_n-e1711637203797.jpg","type":"image\/jpeg"}],"twitter_card":"summary_large_image","twitter_misc":{"Est. reading time":"1 minute"},"schema":{"@context":"https:\/\/schema.org","@graph":[{"@type":"WebPage","@id":"https:\/\/cplr.pt\/resolucao-alternativa-de-litigios\/","url":"https:\/\/cplr.pt\/resolucao-alternativa-de-litigios\/","name":"Alternative Dispute Resolution - Carpintaria Pinto Louren\u00e7o","isPartOf":{"@id":"https:\/\/cplr.pt\/#website"},"datePublished":"2024-03-07T14:44:49+00:00","dateModified":"2024-06-05T14:26:49+00:00","breadcrumb":{"@id":"https:\/\/cplr.pt\/resolucao-alternativa-de-litigios\/#breadcrumb"},"inLanguage":"en-US","potentialAction":[{"@type":"ReadAction","target":["https:\/\/cplr.pt\/resolucao-alternativa-de-litigios\/"]}]},{"@type":"BreadcrumbList","@id":"https:\/\/cplr.pt\/resolucao-alternativa-de-litigios\/#breadcrumb","itemListElement":[{"@type":"ListItem","position":1,"name":"In\u00edcio","item":"https:\/\/cplr.pt\/en\/"},{"@type":"ListItem","position":2,"name":"Alternative Dispute Resolution"}]},{"@type":"WebSite","@id":"https:\/\/cplr.pt\/#website","url":"https:\/\/cplr.pt\/","name":"CPLR","description":"Reabilita\u00e7\u00e3o de Edif\u00edcios, Carpintarias e Marcenarias","publisher":{"@id":"https:\/\/cplr.pt\/#organization"},"potentialAction":[{"@type":"SearchAction","target":{"@type":"EntryPoint","urlTemplate":"https:\/\/cplr.pt\/?s={search_term_string}"},"query-input":{"@type":"PropertyValueSpecification","valueRequired":true,"valueName":"search_term_string"}}],"inLanguage":"en-US"},{"@type":"Organization","@id":"https:\/\/cplr.pt\/#organization","name":"Carpintaria Pinto Louren\u00e7o Reabilita\u00e7\u00e3o","alternateName":"CPLR","url":"https:\/\/cplr.pt\/","logo":{"@type":"ImageObject","inLanguage":"en-US","@id":"https:\/\/cplr.pt\/#\/schema\/logo\/image\/","url":"https:\/\/cplr.pt\/wp-content\/uploads\/2024\/03\/favicon.png","contentUrl":"https:\/\/cplr.pt\/wp-content\/uploads\/2024\/03\/favicon.png","width":219,"height":196,"caption":"Carpintaria Pinto Louren\u00e7o Reabilita\u00e7\u00e3o"},"image":{"@id":"https:\/\/cplr.pt\/#\/schema\/logo\/image\/"}}]}},"_links":{"self":[{"href":"https:\/\/cplr.pt\/en\/wp-json\/wp\/v2\/pages\/2145","targetHints":{"allow":["GET"]}}],"collection":[{"href":"https:\/\/cplr.pt\/en\/wp-json\/wp\/v2\/pages"}],"about":[{"href":"https:\/\/cplr.pt\/en\/wp-json\/wp\/v2\/types\/page"}],"author":[{"embeddable":true,"href":"https:\/\/cplr.pt\/en\/wp-json\/wp\/v2\/users\/1"}],"replies":[{"embeddable":true,"href":"https:\/\/cplr.pt\/en\/wp-json\/wp\/v2\/comments?post=2145"}],"version-history":[{"count":3,"href":"https:\/\/cplr.pt\/en\/wp-json\/wp\/v2\/pages\/2145\/revisions"}],"predecessor-version":[{"id":2148,"href":"https:\/\/cplr.pt\/en\/wp-json\/wp\/v2\/pages\/2145\/revisions\/2148"}],"wp:attachment":[{"href":"https:\/\/cplr.pt\/en\/wp-json\/wp\/v2\/media?parent=2145"}],"curies":[{"name":"wp","href":"https:\/\/api.w.org\/{rel}","templated":true}]}}